{"id":90,"date":"2024-11-10T21:14:13","date_gmt":"2024-11-10T20:14:13","guid":{"rendered":"https:\/\/chulas.5-pixels.fr\/?page_id=90"},"modified":"2024-11-11T10:43:53","modified_gmt":"2024-11-11T09:43:53","slug":"anniversaire-yannick-2","status":"publish","type":"page","link":"https:\/\/chulas.5-pixels.fr\/index.php\/anniversaire-yannick-2\/","title":{"rendered":"Anniversaire Yannick"},"content":{"rendered":"<p>[et_pb_section fb_built=\u00a0\u00bb1&Prime; fullwidth=\u00a0\u00bbon\u00a0\u00bb admin_label=\u00a0\u00bbHero\u00a0\u00bb _builder_version=\u00a0\u00bb4.16&Prime; background_color=\u00a0\u00bb#233b4e\u00a0\u00bb parallax=\u00a0\u00bbon\u00a0\u00bb custom_padding=\u00a0\u00bb0px|0px|0px|0px\u00a0\u00bb global_colors_info=\u00a0\u00bb{}\u00a0\u00bb][et_pb_fullwidth_header title=\u00a0\u00bb50 ans de yannick\u00a0\u00bb background_overlay_color=\u00a0\u00bbrgba(29,38,51,0.86)\u00a0\u00bb content_max_width=\u00a0\u00bb700px\u00a0\u00bb admin_label=\u00a0\u00bbHero Section\u00a0\u00bb _builder_version=\u00a0\u00bb4.27.0&Prime; title_font=\u00a0\u00bbOswald|on||on|\u00a0\u00bb title_font_size=\u00a0\u00bb80px\u00a0\u00bb title_line_height=\u00a0\u00bb1.3em\u00a0\u00bb content_font=\u00a0\u00bbRoboto||||\u00a0\u00bb content_font_size=\u00a0\u00bb20px\u00a0\u00bb background_color=\u00a0\u00bbrgba(255, 255, 255, 0)\u00a0\u00bb background_image=\u00a0\u00bbhttps:\/\/chulas.5-pixels.fr\/wp-content\/uploads\/2024\/09\/caderousse.jpg\u00a0\u00bb parallax=\u00a0\u00bbon\u00a0\u00bb parallax_method=\u00a0\u00bbon\u00a0\u00bb custom_button_one=\u00a0\u00bbon\u00a0\u00bb button_one_border_radius=\u00a0\u00bb0px\u00a0\u00bb button_one_letter_spacing=\u00a0\u00bb4px\u00a0\u00bb button_one_font=\u00a0\u00bbOswald|on||on|\u00a0\u00bb button_one_icon=\u00a0\u00bb&#x24;||divi||400&Prime; button_one_icon_color=\u00a0\u00bb#ffffff\u00a0\u00bb custom_margin=\u00a0\u00bb|||\u00a0\u00bb custom_padding=\u00a0\u00bb150px||150px|\u00a0\u00bb custom_padding_tablet=\u00a0\u00bb60px||60px|\u00a0\u00bb custom_padding_phone=\u00a0\u00bb\u00a0\u00bb custom_padding_last_edited=\u00a0\u00bbon|tablet\u00a0\u00bb animation_style=\u00a0\u00bbzoom\u00a0\u00bb animation_direction=\u00a0\u00bbbottom\u00a0\u00bb animation_intensity_zoom=\u00a0\u00bb4%\u00a0\u00bb button_one_text_color_hover=\u00a0\u00bb#ffffff\u00a0\u00bb button_one_border_color_hover=\u00a0\u00bb#ffffff\u00a0\u00bb button_one_border_radius_hover=\u00a0\u00bb0px\u00a0\u00bb button_one_letter_spacing_hover=\u00a0\u00bb4px\u00a0\u00bb button_one_bg_color_hover=\u00a0\u00bbrgba(0,0,0,0)\u00a0\u00bb global_colors_info=\u00a0\u00bb{}\u00a0\u00bb button_one_text_size__hover_enabled=\u00a0\u00bboff\u00a0\u00bb button_two_text_size__hover_enabled=\u00a0\u00bboff\u00a0\u00bb button_one_text_color__hover_enabled=\u00a0\u00bbon\u00a0\u00bb button_one_text_color__hover=\u00a0\u00bb#ffffff\u00a0\u00bb button_two_text_color__hover_enabled=\u00a0\u00bboff\u00a0\u00bb button_one_border_width__hover_enabled=\u00a0\u00bboff\u00a0\u00bb button_two_border_width__hover_enabled=\u00a0\u00bboff\u00a0\u00bb button_one_border_color__hover_enabled=\u00a0\u00bbon\u00a0\u00bb button_one_border_color__hover=\u00a0\u00bb#ffffff\u00a0\u00bb button_two_border_color__hover_enabled=\u00a0\u00bboff\u00a0\u00bb button_one_border_radius__hover_enabled=\u00a0\u00bbon\u00a0\u00bb button_one_border_radius__hover=\u00a0\u00bb0px\u00a0\u00bb button_two_border_radius__hover_enabled=\u00a0\u00bboff\u00a0\u00bb button_one_letter_spacing__hover_enabled=\u00a0\u00bbon\u00a0\u00bb button_one_letter_spacing__hover=\u00a0\u00bb4px\u00a0\u00bb button_two_letter_spacing__hover_enabled=\u00a0\u00bboff\u00a0\u00bb button_one_bg_color__hover_enabled=\u00a0\u00bbon\u00a0\u00bb button_one_bg_color__hover=\u00a0\u00bbrgba(0,0,0,0)\u00a0\u00bb button_two_bg_color__hover_enabled=\u00a0\u00bboff\u00a0\u00bb]<\/p>\n<h2>Week-end du 4, 5 et 6 octobre 2024<\/h2>\n<p>Merci \u00e0 tous pour votre pr\u00e9sence et votre g\u00e9n\u00e9rosit\u00e9 !<\/p>\n<p>&nbsp;<\/p>\n<p>&nbsp;<\/p>\n<p>[\/et_pb_fullwidth_header][\/et_pb_section][et_pb_section fb_built=\u00a0\u00bb1&Prime; admin_label=\u00a0\u00bbCTA\u00a0\u00bb _builder_version=\u00a0\u00bb4.16&Prime; background_image=\u00a0\u00bbhttps:\/\/chulas.5-pixels.fr\/wp-content\/uploads\/2023\/08\/travel-landscape-13.png\u00a0\u00bb parallax=\u00a0\u00bbon\u00a0\u00bb custom_margin=\u00a0\u00bb|||\u00a0\u00bb custom_padding=\u00a0\u00bb0px|||\u00a0\u00bb global_colors_info=\u00a0\u00bb{}\u00a0\u00bb][et_pb_row use_custom_gutter=\u00a0\u00bbon\u00a0\u00bb gutter_width=\u00a0\u00bb1&Prime; custom_padding_last_edited=\u00a0\u00bbon|tablet\u00a0\u00bb module_class=\u00a0\u00bb et_pb_row_fullwidth\u00a0\u00bb _builder_version=\u00a0\u00bb4.27.3&Prime; use_background_color_gradient=\u00a0\u00bbon\u00a0\u00bb background_color_gradient_stops=\u00a0\u00bb#ffffff 0%|rgba(255,255,255,0) 22%\u00a0\u00bb background_color_gradient_start=\u00a0\u00bb#ffffff\u00a0\u00bb background_color_gradient_end=\u00a0\u00bbrgba(255,255,255,0)\u00a0\u00bb background_color_gradient_end_position=\u00a0\u00bb22%\u00a0\u00bb background_size=\u00a0\u00bbinitial\u00a0\u00bb background_position=\u00a0\u00bbtop_left\u00a0\u00bb background_repeat=\u00a0\u00bbrepeat\u00a0\u00bb width=\u00a0\u00bb100%\u00a0\u00bb width_tablet=\u00a0\u00bb100%\u00a0\u00bb width_phone=\u00a0\u00bb100%\u00a0\u00bb width_last_edited=\u00a0\u00bbon|desktop\u00a0\u00bb max_width=\u00a0\u00bb100%\u00a0\u00bb max_width_tablet=\u00a0\u00bb100%\u00a0\u00bb max_width_phone=\u00a0\u00bb100%\u00a0\u00bb max_width_last_edited=\u00a0\u00bbon|desktop\u00a0\u00bb custom_padding=\u00a0\u00bb14px|0px|43px|0px||\u00a0\u00bb custom_padding_tablet=\u00a0\u00bb0px|||\u00a0\u00bb custom_padding_phone=\u00a0\u00bb\u00a0\u00bb hover_enabled=\u00a0\u00bb0&Prime; make_fullwidth=\u00a0\u00bbon\u00a0\u00bb global_colors_info=\u00a0\u00bb{}\u00a0\u00bb sticky_enabled=\u00a0\u00bb0&Prime;][et_pb_column type=\u00a0\u00bb4_4&Prime; _builder_version=\u00a0\u00bb4.27.0&Prime; _module_preset=\u00a0\u00bbdefault\u00a0\u00bb global_colors_info=\u00a0\u00bb{}\u00a0\u00bb][et_pb_gallery _builder_version=\u00a0\u00bb4.27.3&Prime; _module_preset=\u00a0\u00bbdefault\u00a0\u00bb gallery_ids=\u00a0\u00bb105,106,107,108,109,110,111,112,113,114,115,116,117,118,119,120,121,122,123,124,125,126,127,128,129,130,131,132,133,134,135,136,137,138,139,140,141,142,143,144,145,146,147,148,149,150,151,152,153,154,155,156,157,158,159,160&Prime; hover_enabled=\u00a0\u00bb0&Prime; sticky_enabled=\u00a0\u00bb0&Prime; gallery_orderby=\u00a0\u00bbrand\u00a0\u00bb posts_number=\u00a0\u00bb64&Prime;][\/et_pb_gallery][\/et_pb_column][\/et_pb_row][et_pb_row use_custom_gutter=\u00a0\u00bbon\u00a0\u00bb gutter_width=\u00a0\u00bb1&Prime; custom_padding_last_edited=\u00a0\u00bbon|tablet\u00a0\u00bb module_class=\u00a0\u00bb et_pb_row_fullwidth\u00a0\u00bb _builder_version=\u00a0\u00bb4.27.0&Prime; background_color=\u00a0\u00bb#FFFFFF\u00a0\u00bb use_background_color_gradient=\u00a0\u00bbon\u00a0\u00bb background_color_gradient_stops=\u00a0\u00bb#ffffff 0%|rgba(255,255,255,0) 22%\u00a0\u00bb background_color_gradient_start=\u00a0\u00bb#ffffff\u00a0\u00bb background_color_gradient_end=\u00a0\u00bbrgba(255,255,255,0)\u00a0\u00bb background_color_gradient_end_position=\u00a0\u00bb22%\u00a0\u00bb background_size=\u00a0\u00bbinitial\u00a0\u00bb background_position=\u00a0\u00bbtop_left\u00a0\u00bb background_repeat=\u00a0\u00bbrepeat\u00a0\u00bb width=\u00a0\u00bb100%\u00a0\u00bb width_tablet=\u00a0\u00bb100%\u00a0\u00bb width_phone=\u00a0\u00bb100%\u00a0\u00bb width_last_edited=\u00a0\u00bbon|desktop\u00a0\u00bb max_width=\u00a0\u00bb100%\u00a0\u00bb max_width_tablet=\u00a0\u00bb100%\u00a0\u00bb max_width_phone=\u00a0\u00bb100%\u00a0\u00bb max_width_last_edited=\u00a0\u00bbon|desktop\u00a0\u00bb custom_padding=\u00a0\u00bb96px|0px|60px|0px||\u00a0\u00bb custom_padding_tablet=\u00a0\u00bb0px|||\u00a0\u00bb custom_padding_phone=\u00a0\u00bb\u00a0\u00bb make_fullwidth=\u00a0\u00bbon\u00a0\u00bb global_colors_info=\u00a0\u00bb{}\u00a0\u00bb][et_pb_column type=\u00a0\u00bb4_4&Prime; _builder_version=\u00a0\u00bb4.16&Prime; custom_padding=\u00a0\u00bb|||\u00a0\u00bb global_colors_info=\u00a0\u00bb{}\u00a0\u00bb custom_padding__hover=\u00a0\u00bb|||\u00a0\u00bb][et_pb_text admin_label=\u00a0\u00bbCTA Section Title\u00a0\u00bb _builder_version=\u00a0\u00bb4.27.3&Prime; text_font=\u00a0\u00bb||||\u00a0\u00bb text_line_height=\u00a0\u00bb1em\u00a0\u00bb header_font=\u00a0\u00bbOswald|on||on|\u00a0\u00bb header_text_align=\u00a0\u00bbcenter\u00a0\u00bb header_font_size=\u00a0\u00bb60px\u00a0\u00bb header_line_height=\u00a0\u00bb1.3em\u00a0\u00bb background_size=\u00a0\u00bbinitial\u00a0\u00bb background_position=\u00a0\u00bbtop_left\u00a0\u00bb background_repeat=\u00a0\u00bbrepeat\u00a0\u00bb module_alignment=\u00a0\u00bbcenter\u00a0\u00bb custom_margin=\u00a0\u00bb||60px|\u00a0\u00bb custom_padding=\u00a0\u00bb|||\u00a0\u00bb animation_style=\u00a0\u00bbslide\u00a0\u00bb animation_direction=\u00a0\u00bbtop\u00a0\u00bb animation_intensity_slide=\u00a0\u00bb10%\u00a0\u00bb hover_enabled=\u00a0\u00bb0&Prime; locked=\u00a0\u00bboff\u00a0\u00bb global_colors_info=\u00a0\u00bb{}\u00a0\u00bb sticky_enabled=\u00a0\u00bb0&Prime;]<\/p>\n<h1>Acc\u00e8s \u00e0 toutes les photos du week-end<\/h1>\n<p>[\/et_pb_text][et_pb_image src=\u00a0\u00bbhttps:\/\/chulas.5-pixels.fr\/wp-content\/uploads\/2024\/11\/2024-10-_-50-ans-Yannick-a-Caderousse-QRcode.png\u00a0\u00bb _builder_version=\u00a0\u00bb4.27.3&Prime; _module_preset=\u00a0\u00bbdefault\u00a0\u00bb title_text=\u00a0\u00bb2024-10 _ 50 ans Yannick \u00e0 Caderousse-QRcode\u00a0\u00bb align=\u00a0\u00bbcenter\u00a0\u00bb hover_enabled=\u00a0\u00bb0&Prime; sticky_enabled=\u00a0\u00bb0&Prime; url=\u00a0\u00bbhttps:\/\/gofile.me\/75X4N\/Epz3H2ByW\u00a0\u00bb][\/et_pb_image][et_pb_divider show_divider=\u00a0\u00bboff\u00a0\u00bb _builder_version=\u00a0\u00bb4.27.0&Prime; _module_preset=\u00a0\u00bbdefault\u00a0\u00bb height=\u00a0\u00bb100px\u00a0\u00bb global_colors_info=\u00a0\u00bb{}\u00a0\u00bb][\/et_pb_divider][\/et_pb_column][\/et_pb_row][\/et_pb_section]<\/p>\n","protected":false},"excerpt":{"rendered":"<p>Week-end du 4, 5 et 6 octobre 2024 Merci \u00e0 tous pour votre pr\u00e9sence et votre g\u00e9n\u00e9rosit\u00e9 ! &nbsp; &nbsp;Acc\u00e8s \u00e0 toutes les photos du week-end<\/p>\n","protected":false},"author":1,"featured_media":35,"parent":0,"menu_order":0,"comment_status":"closed","ping_status":"closed","template":"page-template-blank.php","meta":{"_et_pb_use_builder":"on","_et_pb_old_content":"","_et_gb_content_width":"","footnotes":""},"class_list":["post-90","page","type-page","status-publish","has-post-thumbnail","hentry"],"yoast_head":"<!-- This site is optimized with the Yoast SEO plugin v23.8 - https:\/\/yoast.com\/wordpress\/plugins\/seo\/ -->\n<title>Anniversaire Yannick - Chulas<\/title>\n<meta name=\"robots\" content=\"index, follow, max-snippet:-1, max-image-preview:large, max-video-preview:-1\" \/>\n<link rel=\"canonical\" href=\"https:\/\/chulas.5-pixels.fr\/index.php\/anniversaire-yannick-2\/\" \/>\n<meta property=\"og:locale\" content=\"fr_FR\" \/>\n<meta property=\"og:type\" content=\"article\" \/>\n<meta property=\"og:title\" content=\"Anniversaire Yannick - Chulas\" \/>\n<meta property=\"og:description\" content=\"Week-end du 4, 5 et 6 octobre 2024 Merci \u00e0 tous pour votre pr\u00e9sence et votre g\u00e9n\u00e9rosit\u00e9 ! &nbsp; &nbsp;Acc\u00e8s \u00e0 toutes les photos du week-end\" \/>\n<meta property=\"og:url\" content=\"https:\/\/chulas.5-pixels.fr\/index.php\/anniversaire-yannick-2\/\" \/>\n<meta property=\"og:site_name\" content=\"Chulas\" \/>\n<meta property=\"article:modified_time\" content=\"2024-11-11T09:43:53+00:00\" \/>\n<meta property=\"og:image\" content=\"https:\/\/chulas.5-pixels.fr\/wp-content\/uploads\/2024\/09\/mas-de-panier-05.jpg\" \/>\n\t<meta property=\"og:image:width\" content=\"601\" \/>\n\t<meta property=\"og:image:height\" content=\"900\" \/>\n\t<meta property=\"og:image:type\" content=\"image\/jpeg\" \/>\n<meta name=\"twitter:card\" content=\"summary_large_image\" \/>\n<script type=\"application\/ld+json\" class=\"yoast-schema-graph\">{\"@context\":\"https:\/\/schema.org\",\"@graph\":[{\"@type\":\"WebPage\",\"@id\":\"https:\/\/chulas.5-pixels.fr\/index.php\/anniversaire-yannick-2\/\",\"url\":\"https:\/\/chulas.5-pixels.fr\/index.php\/anniversaire-yannick-2\/\",\"name\":\"Anniversaire Yannick - Chulas\",\"isPartOf\":{\"@id\":\"https:\/\/chulas.5-pixels.fr\/#website\"},\"primaryImageOfPage\":{\"@id\":\"https:\/\/chulas.5-pixels.fr\/index.php\/anniversaire-yannick-2\/#primaryimage\"},\"image\":{\"@id\":\"https:\/\/chulas.5-pixels.fr\/index.php\/anniversaire-yannick-2\/#primaryimage\"},\"thumbnailUrl\":\"https:\/\/chulas.5-pixels.fr\/wp-content\/uploads\/2024\/09\/mas-de-panier-05.jpg\",\"datePublished\":\"2024-11-10T20:14:13+00:00\",\"dateModified\":\"2024-11-11T09:43:53+00:00\",\"breadcrumb\":{\"@id\":\"https:\/\/chulas.5-pixels.fr\/index.php\/anniversaire-yannick-2\/#breadcrumb\"},\"inLanguage\":\"fr-FR\",\"potentialAction\":[{\"@type\":\"ReadAction\",\"target\":[\"https:\/\/chulas.5-pixels.fr\/index.php\/anniversaire-yannick-2\/\"]}]},{\"@type\":\"ImageObject\",\"inLanguage\":\"fr-FR\",\"@id\":\"https:\/\/chulas.5-pixels.fr\/index.php\/anniversaire-yannick-2\/#primaryimage\",\"url\":\"https:\/\/chulas.5-pixels.fr\/wp-content\/uploads\/2024\/09\/mas-de-panier-05.jpg\",\"contentUrl\":\"https:\/\/chulas.5-pixels.fr\/wp-content\/uploads\/2024\/09\/mas-de-panier-05.jpg\",\"width\":601,\"height\":900},{\"@type\":\"BreadcrumbList\",\"@id\":\"https:\/\/chulas.5-pixels.fr\/index.php\/anniversaire-yannick-2\/#breadcrumb\",\"itemListElement\":[{\"@type\":\"ListItem\",\"position\":1,\"name\":\"Accueil\",\"item\":\"https:\/\/chulas.5-pixels.fr\/\"},{\"@type\":\"ListItem\",\"position\":2,\"name\":\"Anniversaire Yannick\"}]},{\"@type\":\"WebSite\",\"@id\":\"https:\/\/chulas.5-pixels.fr\/#website\",\"url\":\"https:\/\/chulas.5-pixels.fr\/\",\"name\":\"Chulas\",\"description\":\"chulas experience\",\"potentialAction\":[{\"@type\":\"SearchAction\",\"target\":{\"@type\":\"EntryPoint\",\"urlTemplate\":\"https:\/\/chulas.5-pixels.fr\/?s={search_term_string}\"},\"query-input\":{\"@type\":\"PropertyValueSpecification\",\"valueRequired\":true,\"valueName\":\"search_term_string\"}}],\"inLanguage\":\"fr-FR\"}]}<\/script>\n<!-- \/ Yoast SEO plugin. -->","yoast_head_json":{"title":"Anniversaire Yannick - Chulas","robots":{"index":"index","follow":"follow","max-snippet":"max-snippet:-1","max-image-preview":"max-image-preview:large","max-video-preview":"max-video-preview:-1"},"canonical":"https:\/\/chulas.5-pixels.fr\/index.php\/anniversaire-yannick-2\/","og_locale":"fr_FR","og_type":"article","og_title":"Anniversaire Yannick - Chulas","og_description":"Week-end du 4, 5 et 6 octobre 2024 Merci \u00e0 tous pour votre pr\u00e9sence et votre g\u00e9n\u00e9rosit\u00e9 ! &nbsp; &nbsp;Acc\u00e8s \u00e0 toutes les photos du week-end","og_url":"https:\/\/chulas.5-pixels.fr\/index.php\/anniversaire-yannick-2\/","og_site_name":"Chulas","article_modified_time":"2024-11-11T09:43:53+00:00","og_image":[{"width":601,"height":900,"url":"https:\/\/chulas.5-pixels.fr\/wp-content\/uploads\/2024\/09\/mas-de-panier-05.jpg","type":"image\/jpeg"}],"twitter_card":"summary_large_image","schema":{"@context":"https:\/\/schema.org","@graph":[{"@type":"WebPage","@id":"https:\/\/chulas.5-pixels.fr\/index.php\/anniversaire-yannick-2\/","url":"https:\/\/chulas.5-pixels.fr\/index.php\/anniversaire-yannick-2\/","name":"Anniversaire Yannick - Chulas","isPartOf":{"@id":"https:\/\/chulas.5-pixels.fr\/#website"},"primaryImageOfPage":{"@id":"https:\/\/chulas.5-pixels.fr\/index.php\/anniversaire-yannick-2\/#primaryimage"},"image":{"@id":"https:\/\/chulas.5-pixels.fr\/index.php\/anniversaire-yannick-2\/#primaryimage"},"thumbnailUrl":"https:\/\/chulas.5-pixels.fr\/wp-content\/uploads\/2024\/09\/mas-de-panier-05.jpg","datePublished":"2024-11-10T20:14:13+00:00","dateModified":"2024-11-11T09:43:53+00:00","breadcrumb":{"@id":"https:\/\/chulas.5-pixels.fr\/index.php\/anniversaire-yannick-2\/#breadcrumb"},"inLanguage":"fr-FR","potentialAction":[{"@type":"ReadAction","target":["https:\/\/chulas.5-pixels.fr\/index.php\/anniversaire-yannick-2\/"]}]},{"@type":"ImageObject","inLanguage":"fr-FR","@id":"https:\/\/chulas.5-pixels.fr\/index.php\/anniversaire-yannick-2\/#primaryimage","url":"https:\/\/chulas.5-pixels.fr\/wp-content\/uploads\/2024\/09\/mas-de-panier-05.jpg","contentUrl":"https:\/\/chulas.5-pixels.fr\/wp-content\/uploads\/2024\/09\/mas-de-panier-05.jpg","width":601,"height":900},{"@type":"BreadcrumbList","@id":"https:\/\/chulas.5-pixels.fr\/index.php\/anniversaire-yannick-2\/#breadcrumb","itemListElement":[{"@type":"ListItem","position":1,"name":"Accueil","item":"https:\/\/chulas.5-pixels.fr\/"},{"@type":"ListItem","position":2,"name":"Anniversaire Yannick"}]},{"@type":"WebSite","@id":"https:\/\/chulas.5-pixels.fr\/#website","url":"https:\/\/chulas.5-pixels.fr\/","name":"Chulas","description":"chulas experience","potentialAction":[{"@type":"SearchAction","target":{"@type":"EntryPoint","urlTemplate":"https:\/\/chulas.5-pixels.fr\/?s={search_term_string}"},"query-input":{"@type":"PropertyValueSpecification","valueRequired":true,"valueName":"search_term_string"}}],"inLanguage":"fr-FR"}]}},"_links":{"self":[{"href":"https:\/\/chulas.5-pixels.fr\/index.php\/wp-json\/wp\/v2\/pages\/90"}],"collection":[{"href":"https:\/\/chulas.5-pixels.fr\/index.php\/wp-json\/wp\/v2\/pages"}],"about":[{"href":"https:\/\/chulas.5-pixels.fr\/index.php\/wp-json\/wp\/v2\/types\/page"}],"author":[{"embeddable":true,"href":"https:\/\/chulas.5-pixels.fr\/index.php\/wp-json\/wp\/v2\/users\/1"}],"replies":[{"embeddable":true,"href":"https:\/\/chulas.5-pixels.fr\/index.php\/wp-json\/wp\/v2\/comments?post=90"}],"version-history":[{"count":3,"href":"https:\/\/chulas.5-pixels.fr\/index.php\/wp-json\/wp\/v2\/pages\/90\/revisions"}],"predecessor-version":[{"id":163,"href":"https:\/\/chulas.5-pixels.fr\/index.php\/wp-json\/wp\/v2\/pages\/90\/revisions\/163"}],"wp:featuredmedia":[{"embeddable":true,"href":"https:\/\/chulas.5-pixels.fr\/index.php\/wp-json\/wp\/v2\/media\/35"}],"wp:attachment":[{"href":"https:\/\/chulas.5-pixels.fr\/index.php\/wp-json\/wp\/v2\/media?parent=90"}],"curies":[{"name":"wp","href":"https:\/\/api.w.org\/{rel}","templated":true}]}}